{"id":12598,"date":"2023-01-20T10:27:39","date_gmt":"2023-01-20T10:27:39","guid":{"rendered":"https:\/\/psicocoach.es\/politica-de-privadesa\/"},"modified":"2025-02-17T12:23:08","modified_gmt":"2025-02-17T12:23:08","slug":"politica-de-privadesa","status":"publish","type":"page","link":"https:\/\/psicocoach.es\/ca\/politica-de-privadesa\/","title":{"rendered":"Pol\u00edtica de privadesa"},"content":{"rendered":"<div class=\"wpb-content-wrapper\"><p>[vc_row][vc_column css=&#8221;.vc_custom_1739794982512{margin-top: 30px !important;margin-bottom: 30px !important;}&#8221;]<div id=\"ultimate-heading-507269e4e43b3d840\" class=\"uvc-heading ult-adjust-bottom-margin ultimate-heading-507269e4e43b3d840 uvc-1720  uvc-heading-default-font-sizes\" data-hspacer=\"no_spacer\"  data-halign=\"left\" style=\"text-align:left\"><div class=\"uvc-heading-spacer no_spacer\" style=\"top\"><\/div><div class=\"uvc-main-heading ult-responsive\"  data-ultimate-target='.uvc-heading.ultimate-heading-507269e4e43b3d840 h3'  data-responsive-json-new='{\"font-size\":\"\",\"line-height\":\"\"}' ><h3 style=\"--font-weight:theme;color:#b3a3c2;margin-bottom:30px;\">Tractament de les teves dades<\/h3><\/div><div class=\"uvc-sub-heading ult-responsive\"  data-ultimate-target='.uvc-heading.ultimate-heading-507269e4e43b3d840 .uvc-sub-heading '  data-responsive-json-new='{\"font-size\":\"\",\"line-height\":\"\"}'  style=\"font-weight:normal;\">RUTH PONS PUIG protegeix les dades personals segons el que estableix el Reglament General de Protecci\u00f3 de Dades 2016\/679, la LOPDGG 3\/2018 i la resta de normativa sobre protecci\u00f3 de dades en vigor.<\/p>\n<p>D&#8217;acord amb la normativa vigent sobre tractament de dades, us informem:<\/p>\n<p>Propietari de la web i responsable del tractament de dades: RUTH PONS PUIG<br \/>\nNIF: 43.531.686-T<br \/>\nNom del domini: psicocoach.es<\/p>\n<p>Les vostres dades seran tractades amb la m\u00e0xima confidencialitat per gestionar les nostres comunicacions i la funcionalitat de la web i no se cediran a tercers en cap altre cas, excepte requeriment legal.<\/p>\n<p>Les dades es conservaran fins que se sol\u00b7liciti la supressi\u00f3 a la seg\u00fcent adre\u00e7a de correu electr\u00f2nic: <a href=\"mailto:hola@psicocoach.es\">hola@psicocoach.es<\/a>. Igualment si ho necessiteu podeu presentar una reclamaci\u00f3 davant l&#8217;autoritat de control competent, l&#8217;Ag\u00e8ncia Espanyola de Protecci\u00f3 de Dades (AEPD) si considera que el tractament no s&#8217;ajusta a la normativa vigent. Per operativa del servei es poden utilitzar prove\u00efdors externs a la UE per\u00f2 que garanteixen la seguretat de les vostres dades.<\/p>\n<p>Per exercir els drets d&#8217;acc\u00e9s, rectificaci\u00f3, supressi\u00f3 i portabilitat de les vostres dades, i la limitaci\u00f3 o oposici\u00f3 al seu tractament, us heu d&#8217;adre\u00e7ar per escrit a <a href=\"mailto:hola@psicocoach.es\">hola@psicocoach.es<\/a>.<\/p>\n<p>Aquesta p\u00e0gina web no \u00e9s part de Facebook, ni Instagram, ni Twitter, ni Linkedin, ni YouTube, ni cap altra empresa o xarxa social.<\/p>\n<p>&nbsp;<\/p>\n<p>*Si ho desitgeu, podeu visitar tamb\u00e9 la informaci\u00f3 sobre la <a href=\"https:\/\/psicocoach.es\/ca\/politica-de-cookies\/\">pol\u00edtica de cookies<\/a> i <a href=\"https:\/\/psicocoach.es\/ca\/informacio-legal\/\">informaci\u00f3 legal<\/a>.<\/p>\n<p><\/div><\/div>[vc_empty_space height=&#8221;50px&#8221;]<div id=\"ultimate-heading-266769e4e43b3d8d8\" class=\"uvc-heading ult-adjust-bottom-margin ultimate-heading-266769e4e43b3d8d8 uvc-945  uvc-heading-default-font-sizes\" data-hspacer=\"no_spacer\"  data-halign=\"left\" style=\"text-align:left\"><div class=\"uvc-heading-spacer no_spacer\" style=\"top\"><\/div><div class=\"uvc-main-heading ult-responsive\"  data-ultimate-target='.uvc-heading.ultimate-heading-266769e4e43b3d8d8 h3'  data-responsive-json-new='{\"font-size\":\"\",\"line-height\":\"\"}' ><h3 style=\"--font-weight:theme;color:#b3a3c2;margin-bottom:30px;\">Enlla\u00e7os<\/h3><\/div><div class=\"uvc-sub-heading ult-responsive\"  data-ultimate-target='.uvc-heading.ultimate-heading-266769e4e43b3d8d8 .uvc-sub-heading '  data-responsive-json-new='{\"font-size\":\"\",\"line-height\":\"\"}'  style=\"font-weight:normal;\">RUTH PONS PUIG no assumeix cap responsabilitat sobre el contingut, la informaci\u00f3 o els serveis que puguin oferir els enlla\u00e7os que es presenten en aquest lloc web, i que tenen car\u00e0cter merament informatiu.<\/div><\/div>[vc_empty_space height=&#8221;50px&#8221;]<div id=\"ultimate-heading-107369e4e43b3d938\" class=\"uvc-heading ult-adjust-bottom-margin ultimate-heading-107369e4e43b3d938 uvc-9236  uvc-heading-default-font-sizes\" data-hspacer=\"no_spacer\"  data-halign=\"left\" style=\"text-align:left\"><div class=\"uvc-heading-spacer no_spacer\" style=\"top\"><\/div><div class=\"uvc-main-heading ult-responsive\"  data-ultimate-target='.uvc-heading.ultimate-heading-107369e4e43b3d938 h3'  data-responsive-json-new='{\"font-size\":\"\",\"line-height\":\"\"}' ><h3 style=\"--font-weight:theme;color:#b3a3c2;margin-bottom:30px;\">Legislaci\u00f3 aplicable<\/h3><\/div><div class=\"uvc-sub-heading ult-responsive\"  data-ultimate-target='.uvc-heading.ultimate-heading-107369e4e43b3d938 .uvc-sub-heading '  data-responsive-json-new='{\"font-size\":\"\",\"line-height\":\"\"}'  style=\"font-weight:normal;\">psicocoach.es es regeix per la legislaci\u00f3 espanyola.<\/div><\/div>[\/vc_column][\/vc_row]<\/p>\n<\/div>","protected":false},"excerpt":{"rendered":"<p>[vc_row][vc_column css=&#8221;.vc_custom_1739794982512{margin-top: 30px !important;margin-bottom: 30px !important;}&#8221;][vc_empty_space height=&#8221;50px&#8221;][vc_empty_space height=&#8221;50px&#8221;][\/vc_column][\/vc_row]<\/p>\n","protected":false},"author":1,"featured_media":0,"parent":0,"menu_order":0,"comment_status":"closed","ping_status":"closed","template":"","meta":{"footnotes":""},"class_list":["post-12598","page","type-page","status-publish","hentry","description-off"],"_links":{"self":[{"href":"https:\/\/psicocoach.es\/ca\/wp-json\/wp\/v2\/pages\/12598","targetHints":{"allow":["GET"]}}],"collection":[{"href":"https:\/\/psicocoach.es\/ca\/wp-json\/wp\/v2\/pages"}],"about":[{"href":"https:\/\/psicocoach.es\/ca\/wp-json\/wp\/v2\/types\/page"}],"author":[{"embeddable":true,"href":"https:\/\/psicocoach.es\/ca\/wp-json\/wp\/v2\/users\/1"}],"replies":[{"embeddable":true,"href":"https:\/\/psicocoach.es\/ca\/wp-json\/wp\/v2\/comments?post=12598"}],"version-history":[{"count":18,"href":"https:\/\/psicocoach.es\/ca\/wp-json\/wp\/v2\/pages\/12598\/revisions"}],"predecessor-version":[{"id":12790,"href":"https:\/\/psicocoach.es\/ca\/wp-json\/wp\/v2\/pages\/12598\/revisions\/12790"}],"wp:attachment":[{"href":"https:\/\/psicocoach.es\/ca\/wp-json\/wp\/v2\/media?parent=12598"}],"curies":[{"name":"wp","href":"https:\/\/api.w.org\/{rel}","templated":true}]}}