{"id":12621,"date":"2023-01-20T10:28:55","date_gmt":"2023-01-20T10:28:55","guid":{"rendered":"https:\/\/psicocoach.es\/politica-de-cookies\/"},"modified":"2025-02-17T12:25:35","modified_gmt":"2025-02-17T12:25:35","slug":"politica-de-cookies","status":"publish","type":"page","link":"https:\/\/psicocoach.es\/ca\/politica-de-cookies\/","title":{"rendered":"Pol\u00edtica de cookies"},"content":{"rendered":"<div class=\"wpb-content-wrapper\"><p>[vc_row][vc_column css=&#8221;.vc_custom_1739795129895{margin-top: 30px !important;margin-bottom: 30px !important;}&#8221;][vc_column_text]Aquest web utilitza cookies perqu\u00e8 puguem oferir-vos la millor experi\u00e8ncia d&#8217;usuari possible. La informaci\u00f3 de les cookies s&#8217;emmagatzema al vostre navegador i s&#8217;usa per a funcions com recon\u00e8ixer-lo quan torna a la nostra web o ajudar el nostre equip a comprendre quines seccions de la web troba m\u00e9s interessants i \u00fatils.[\/vc_column_text]<div id=\"ultimate-heading-450169e4f787dd83c\" class=\"uvc-heading ult-adjust-bottom-margin ultimate-heading-450169e4f787dd83c uvc-2049  uvc-heading-default-font-sizes\" data-hspacer=\"no_spacer\"  data-halign=\"left\" style=\"text-align:left\"><div class=\"uvc-heading-spacer no_spacer\" style=\"top\"><\/div><div class=\"uvc-main-heading ult-responsive\"  data-ultimate-target='.uvc-heading.ultimate-heading-450169e4f787dd83c h3'  data-responsive-json-new='{\"font-size\":\"\",\"line-height\":\"\"}' ><h3 style=\"--font-weight:theme;color:#b3a3c2;margin-bottom:30px;\">Qu\u00e8 s\u00f3n les cookies?<\/h3><\/div><div class=\"uvc-sub-heading ult-responsive\"  data-ultimate-target='.uvc-heading.ultimate-heading-450169e4f787dd83c .uvc-sub-heading '  data-responsive-json-new='{\"font-size\":\"\",\"line-height\":\"\"}'  style=\"font-weight:normal;\">Les cookies s\u00f3n fitxers de text que s&#8217;instal\u00b7len a l&#8217;equip des del qual s&#8217;accedeix a aquesta p\u00e0gina i que envien, de forma autom\u00e0tica, informaci\u00f3 al nostre servidor. <strong>Les cookies no s\u00f3n virus inform\u00e0tics<\/strong> . No fan malb\u00e9 l&#8217;ordinador ni n&#8217;alenteixen el funcionament. Podeu eliminar-les en qualsevol moment, o rebutjar-les configurant el programa de navegaci\u00f3 que utilitzeu.<\/div><\/div>[vc_empty_space height=&#8221;50px&#8221;]<div id=\"ultimate-heading-927769e4f787dd8b8\" class=\"uvc-heading ult-adjust-bottom-margin ultimate-heading-927769e4f787dd8b8 uvc-3695  uvc-heading-default-font-sizes\" data-hspacer=\"no_spacer\"  data-halign=\"left\" style=\"text-align:left\"><div class=\"uvc-heading-spacer no_spacer\" style=\"top\"><\/div><div class=\"uvc-main-heading ult-responsive\"  data-ultimate-target='.uvc-heading.ultimate-heading-927769e4f787dd8b8 h3'  data-responsive-json-new='{\"font-size\":\"\",\"line-height\":\"\"}' ><h3 style=\"--font-weight:theme;color:#b3a3c2;margin-bottom:30px;\">Quin tipus de cookies utilitza aquest lloc web?<\/h3><\/div><div class=\"uvc-sub-heading ult-responsive\"  data-ultimate-target='.uvc-heading.ultimate-heading-927769e4f787dd8b8 .uvc-sub-heading '  data-responsive-json-new='{\"font-size\":\"\",\"line-height\":\"\"}'  style=\"font-weight:normal;\">A continuaci\u00f3 us informem sobre les cookies que utilitzem:<\/p>\n<ul>\n<li>Cookies de Google Analytics: Per analitzar i optimitzar la funcionalitat de la nostra web utilitzem Google Analytics. Aquestes galetes proporcionen informaci\u00f3 an\u00f2nima sobre la interacci\u00f3 de l&#8217;usuari a la p\u00e0gina web.<\/li>\n<li>Cookies pr\u00f2pies t\u00e8cniques: Aquelles que permeten a l&#8217;usuari la navegaci\u00f3 a trav\u00e9s de les webs i la utilitzaci\u00f3 dels diferents serveis o opcions que s&#8217;ofereixen.<\/li>\n<\/ul>\n<p>Podeu trobar m\u00e9s informaci\u00f3 sobre les cookies de Google en <a href=\"https:\/\/policies.google.com\/technologies\/cookies?hl=es#types-of-cookies\">aquest enlla\u00e7<\/a>.<\/div><\/div>[vc_empty_space height=&#8221;50px&#8221;]<div id=\"ultimate-heading-556169e4f787dd90d\" class=\"uvc-heading ult-adjust-bottom-margin ultimate-heading-556169e4f787dd90d uvc-5751  uvc-heading-default-font-sizes\" data-hspacer=\"no_spacer\"  data-halign=\"left\" style=\"text-align:left\"><div class=\"uvc-heading-spacer no_spacer\" style=\"top\"><\/div><div class=\"uvc-main-heading ult-responsive\"  data-ultimate-target='.uvc-heading.ultimate-heading-556169e4f787dd90d h3'  data-responsive-json-new='{\"font-size\":\"\",\"line-height\":\"\"}' ><h3 style=\"--font-weight:theme;color:#b3a3c2;margin-bottom:30px;\">Puc configurar la instal\u00b7laci\u00f3 de cookies al meu navegador?<\/h3><\/div><div class=\"uvc-sub-heading ult-responsive\"  data-ultimate-target='.uvc-heading.ultimate-heading-556169e4f787dd90d .uvc-sub-heading '  data-responsive-json-new='{\"font-size\":\"\",\"line-height\":\"\"}'  style=\"font-weight:normal;\">L&#8217;Usuari pot configurar el seu navegador per ser avisat de la recepci\u00f3 de cookies i, si ho desitja, impedir la seva instal\u00b7laci\u00f3 al seu equip. Aix\u00ed mateix, l&#8217;Usuari pot revisar al seu navegador quines cookies t\u00e9 instal\u00b7lades i quin \u00e9s el termini de caducitat de les mateixes, podent eliminar-les. Si voleu impedir l&#8217;\u00fas de cookies, us oferim la seg\u00fcent informaci\u00f3, relativa als principals navegadors:<\/p>\n<ul>\n<li><a href=\"http:\/\/support.google.com\/chrome\/bin\/answer.py?hl=es&amp;answer=95647\" target=\"_blank\" rel=\"noopener\">Chrome<\/a><\/li>\n<li><a href=\"https:\/\/support.microsoft.com\/es-es\/help\/4468242\/microsoft-edge-browsing-data-and-privacy-microsoft-privacy\" target=\"_blank\" rel=\"noopener\">Microsoft Edge<\/a><\/li>\n<li><a href=\"https:\/\/support.mozilla.org\/es\/kb\/Borrar%20cookies\" target=\"_blank\" rel=\"noopener\">Firefox<\/a><\/li>\n<li><a href=\"https:\/\/support.apple.com\/es-mx\/guide\/safari\/sfri11471\/mac\" target=\"_blank\" rel=\"noopener\">Safari<\/a><\/li>\n<li><a href=\"https:\/\/support.apple.com\/es-es\/HT201265\" target=\"_blank\" rel=\"noopener\">Safari per a IOS<\/a><\/li>\n<li><a href=\"https:\/\/help.opera.com\/en\/latest\/web-preferences\/#cookies\" target=\"_blank\" rel=\"noopener\">Opera<\/a><\/li>\n<\/ul>\n<p>En cas que l&#8217;Usuari no permeti l&#8217;\u00fas de cookies durant la navegaci\u00f3 per aquest lloc web, no garanteix que la informaci\u00f3 apareguda durant la navegaci\u00f3 sigui exacta, completa o, fins i tot, que la navegaci\u00f3 sigui t\u00e8cnicament possible o viable.<\/div><\/div>[vc_empty_space height=&#8221;50px&#8221;]<div id=\"ultimate-heading-889569e4f787dd95f\" class=\"uvc-heading ult-adjust-bottom-margin ultimate-heading-889569e4f787dd95f uvc-3015  uvc-heading-default-font-sizes\" data-hspacer=\"no_spacer\"  data-halign=\"left\" style=\"text-align:left\"><div class=\"uvc-heading-spacer no_spacer\" style=\"top\"><\/div><div class=\"uvc-main-heading ult-responsive\"  data-ultimate-target='.uvc-heading.ultimate-heading-889569e4f787dd95f h3'  data-responsive-json-new='{\"font-size\":\"\",\"line-height\":\"\"}' ><h3 style=\"--font-weight:theme;color:#b3a3c2;margin-bottom:30px;\">Informaci\u00f3 de contacte<\/h3><\/div><div class=\"uvc-sub-heading ult-responsive\"  data-ultimate-target='.uvc-heading.ultimate-heading-889569e4f787dd95f .uvc-sub-heading '  data-responsive-json-new='{\"font-size\":\"\",\"line-height\":\"\"}'  style=\"font-weight:normal;\">Si desitgeu m\u00e9s informaci\u00f3 sobre la nostra pol\u00edtica de cookies podeu adre\u00e7ar-vos a la seg\u00fcent adre\u00e7a electr\u00f2nica: <a href=\"mailto:hola@psicocoach.es\">hola@psicocoach.es<\/a><\/div><\/div>[\/vc_column][\/vc_row]<\/p>\n<\/div>","protected":false},"excerpt":{"rendered":"<p>[vc_row][vc_column css=&#8221;.vc_custom_1739795129895{margin-top: 30px !important;margin-bottom: 30px !important;}&#8221;][vc_column_text]Aquest web utilitza cookies perqu\u00e8 puguem oferir-vos la millor experi\u00e8ncia d&#8217;usuari possible. La informaci\u00f3 de les cookies s&#8217;emmagatzema al vostre navegador i s&#8217;usa per a funcions com recon\u00e8ixer-lo quan torna a la nostra web o ajudar el nostre equip a comprendre quines seccions de la web troba m\u00e9s interessants i&hellip;<\/p>\n","protected":false},"author":1,"featured_media":0,"parent":0,"menu_order":0,"comment_status":"closed","ping_status":"closed","template":"","meta":{"footnotes":""},"class_list":["post-12621","page","type-page","status-publish","hentry","description-off"],"_links":{"self":[{"href":"https:\/\/psicocoach.es\/ca\/wp-json\/wp\/v2\/pages\/12621","targetHints":{"allow":["GET"]}}],"collection":[{"href":"https:\/\/psicocoach.es\/ca\/wp-json\/wp\/v2\/pages"}],"about":[{"href":"https:\/\/psicocoach.es\/ca\/wp-json\/wp\/v2\/types\/page"}],"author":[{"embeddable":true,"href":"https:\/\/psicocoach.es\/ca\/wp-json\/wp\/v2\/users\/1"}],"replies":[{"embeddable":true,"href":"https:\/\/psicocoach.es\/ca\/wp-json\/wp\/v2\/comments?post=12621"}],"version-history":[{"count":9,"href":"https:\/\/psicocoach.es\/ca\/wp-json\/wp\/v2\/pages\/12621\/revisions"}],"predecessor-version":[{"id":12793,"href":"https:\/\/psicocoach.es\/ca\/wp-json\/wp\/v2\/pages\/12621\/revisions\/12793"}],"wp:attachment":[{"href":"https:\/\/psicocoach.es\/ca\/wp-json\/wp\/v2\/media?parent=12621"}],"curies":[{"name":"wp","href":"https:\/\/api.w.org\/{rel}","templated":true}]}}