{"id":12625,"date":"2023-01-20T10:29:29","date_gmt":"2023-01-20T10:29:29","guid":{"rendered":"https:\/\/psicocoach.es\/informacio-legal\/"},"modified":"2025-02-17T12:27:51","modified_gmt":"2025-02-17T12:27:51","slug":"informacio-legal","status":"publish","type":"page","link":"https:\/\/psicocoach.es\/ca\/informacio-legal\/","title":{"rendered":"Informaci\u00f3 legal"},"content":{"rendered":"<div class=\"wpb-content-wrapper\"><p>[vc_row][vc_column css=&#8221;.vc_custom_1739795267051{margin-top: 30px !important;margin-bottom: 30px !important;}&#8221;]<div id=\"ultimate-heading-944669e4e412526ca\" class=\"uvc-heading ult-adjust-bottom-margin ultimate-heading-944669e4e412526ca uvc-2605  uvc-heading-default-font-sizes\" data-hspacer=\"no_spacer\"  data-halign=\"left\" style=\"text-align:left\"><div class=\"uvc-heading-spacer no_spacer\" style=\"top\"><\/div><div class=\"uvc-main-heading ult-responsive\"  data-ultimate-target='.uvc-heading.ultimate-heading-944669e4e412526ca h3'  data-responsive-json-new='{\"font-size\":\"\",\"line-height\":\"\"}' ><h3 style=\"--font-weight:theme;color:#b3a3c2;margin-bottom:30px;\">Informaci\u00f3 sobre el propietari de la web<\/h3><\/div><div class=\"uvc-sub-heading ult-responsive\"  data-ultimate-target='.uvc-heading.ultimate-heading-944669e4e412526ca .uvc-sub-heading '  data-responsive-json-new='{\"font-size\":\"\",\"line-height\":\"\"}'  style=\"font-weight:normal;\">Propietari de la web: RUTH PONS PUIG<br \/>\nNIF: 43.531.686-T<br \/>\nNom del domini: psicocoach.es<br \/>\nE-mail de contacte: <a href=\"mailto:hola@psicocoach.es\">hola@psicocoach.es<\/a><\/div><\/div>[vc_empty_space height=&#8221;50px&#8221;]<div id=\"ultimate-heading-798469e4e41252744\" class=\"uvc-heading ult-adjust-bottom-margin ultimate-heading-798469e4e41252744 uvc-5571  uvc-heading-default-font-sizes\" data-hspacer=\"no_spacer\"  data-halign=\"left\" style=\"text-align:left\"><div class=\"uvc-heading-spacer no_spacer\" style=\"top\"><\/div><div class=\"uvc-main-heading ult-responsive\"  data-ultimate-target='.uvc-heading.ultimate-heading-798469e4e41252744 h3'  data-responsive-json-new='{\"font-size\":\"\",\"line-height\":\"\"}' ><h3 style=\"--font-weight:theme;color:#b3a3c2;margin-bottom:30px;\">Condicions generals d\u00fas<\/h3><\/div><div class=\"uvc-sub-heading ult-responsive\"  data-ultimate-target='.uvc-heading.ultimate-heading-798469e4e41252744 .uvc-sub-heading '  data-responsive-json-new='{\"font-size\":\"\",\"line-height\":\"\"}'  style=\"font-weight:normal;\">Tota persona que accedeixi a aquest lloc web assumeix el paper d&#8217;Usuari, comprometent-se a l&#8217;observan\u00e7a i el compliment rigor\u00f3s de les disposicions aqu\u00ed disposades, aix\u00ed com a qualsevol altra disposici\u00f3 legal que sigui aplicable.<\/p>\n<p>L&#8217;Usuari accepta plenament i sense reserves les disposicions incloses en aquest apartat d&#8217;Informaci\u00f3 Legal, a la versi\u00f3 publicada per RUTH PONS PUIG en el moment mateix en qu\u00e8 l&#8217;Usuari accedeixi al lloc web.<\/p>\n<p>El lloc web pot ser visitat lliurement i l&#8217;Usuari es compromet a utilitzar els seus continguts i serveis de conformitat amb la llei, la moral, els bons costums i aquest Av\u00eds Legal. A aquest efecte, l&#8217;Usuari s&#8217;abstindr\u00e0 d&#8217;utilitzar el lloc web amb finalitats o efectes il\u00b7l\u00edcits, prohibits i lesius dels drets i els interessos de tercers.<\/p>\n<p>RUTH PONS PUIG no es responsabilitza d&#8217;errors o omissions en els continguts del lloc web ni d&#8217;altres continguts als quals es pugui accedir, ni dels danys derivats de la utilitzaci\u00f3 del lloc web, ni per qualsevol actuaci\u00f3 realitzada sobre la base de la informaci\u00f3 que s&#8217;hi facilita.<\/p>\n<p>RUTH PONS PUIG no garanteix l&#8217;abs\u00e8ncia de virus o altres elements lesius que poguessin causar danys o alteracions al sistema inform\u00e0tic de l&#8217;Usuari, als documents electr\u00f2nics o als fitxers descarregats per l&#8217;Usuari del lloc web ni respon dels danys i perjudicis que tals elements poguessin ocasionar a l&#8217;Usuari o tercers.<\/p>\n<p>El contingut d&#8217;aquest lloc web es podr\u00e0 modificar, ampliar o suprimir en qualsevol moment sense av\u00eds previ. RUTH PONS PUIG es reserva el dret de limitar o impedir l&#8217;acc\u00e9s a qualsevol part del web, ja sigui temporalment o definitivament, sense pr\u00e8via notificaci\u00f3.<\/div><\/div>[vc_empty_space height=&#8221;50px&#8221;]<div id=\"ultimate-heading-73569e4e4125279e\" class=\"uvc-heading ult-adjust-bottom-margin ultimate-heading-73569e4e4125279e uvc-9601  uvc-heading-default-font-sizes\" data-hspacer=\"no_spacer\"  data-halign=\"left\" style=\"text-align:left\"><div class=\"uvc-heading-spacer no_spacer\" style=\"top\"><\/div><div class=\"uvc-main-heading ult-responsive\"  data-ultimate-target='.uvc-heading.ultimate-heading-73569e4e4125279e h3'  data-responsive-json-new='{\"font-size\":\"\",\"line-height\":\"\"}' ><h3 style=\"--font-weight:theme;color:#b3a3c2;margin-bottom:30px;\">Propietat intel\u00b7lectual i drets d\u00fas<\/h3><\/div><div class=\"uvc-sub-heading ult-responsive\"  data-ultimate-target='.uvc-heading.ultimate-heading-73569e4e4125279e .uvc-sub-heading '  data-responsive-json-new='{\"font-size\":\"\",\"line-height\":\"\"}'  style=\"font-weight:normal;\">Aquest web i els seus continguts s\u00f3n propietat de RUTH PONS PUIG.<\/p>\n<p>No esteu autoritzat a utilitzar els continguts d&#8217;aquest lloc web amb finalitats comercials o publicit\u00e0ries.<\/p>\n<p>No es permet reproduir, distribuir, transmetre, adaptar o modificar, amb qualsevol eina o per qualsevol mitj\u00e0, ni els continguts d&#8217;aquest lloc web ni el disseny del mateix excepte autoritzaci\u00f3 expressa i per escrit.<\/p>\n<p>Els usuaris d&#8217;aquest lloc web es comprometen a subministrar informaci\u00f3 veritable i exacta sobre ells mateixos quan se&#8217;ls demani.<\/p>\n<p>Queda prohibit, excepte en els casos en qu\u00e8 RUTH PONS PUIG ho autoritzi expressament, presentar parts d&#8217;aquesta p\u00e0gina web sota marcs, signes distintius, marques o altres denominacions socials o comercials d&#8217;una altra persona, empresa o entitat.<\/p>\n<p>Els possibles conflictes relatius a aquest lloc web es regiran exclusivament pel dret que afecta l&#8217;estat espanyol i la comunitat aut\u00f2noma de Catalunya, i els jutjats de la ciutat de Barcelona seran els \u00fanics competents. Els usuaris accepten el compliment i respecte d&#8217;aquest punt.<\/div><\/div>[\/vc_column][\/vc_row]<\/p>\n<\/div>","protected":false},"excerpt":{"rendered":"<p>[vc_row][vc_column css=&#8221;.vc_custom_1739795267051{margin-top: 30px !important;margin-bottom: 30px !important;}&#8221;][vc_empty_space height=&#8221;50px&#8221;][vc_empty_space height=&#8221;50px&#8221;][\/vc_column][\/vc_row]<\/p>\n","protected":false},"author":1,"featured_media":0,"parent":0,"menu_order":0,"comment_status":"closed","ping_status":"closed","template":"","meta":{"footnotes":""},"class_list":["post-12625","page","type-page","status-publish","hentry","description-off"],"_links":{"self":[{"href":"https:\/\/psicocoach.es\/ca\/wp-json\/wp\/v2\/pages\/12625","targetHints":{"allow":["GET"]}}],"collection":[{"href":"https:\/\/psicocoach.es\/ca\/wp-json\/wp\/v2\/pages"}],"about":[{"href":"https:\/\/psicocoach.es\/ca\/wp-json\/wp\/v2\/types\/page"}],"author":[{"embeddable":true,"href":"https:\/\/psicocoach.es\/ca\/wp-json\/wp\/v2\/users\/1"}],"replies":[{"embeddable":true,"href":"https:\/\/psicocoach.es\/ca\/wp-json\/wp\/v2\/comments?post=12625"}],"version-history":[{"count":5,"href":"https:\/\/psicocoach.es\/ca\/wp-json\/wp\/v2\/pages\/12625\/revisions"}],"predecessor-version":[{"id":12795,"href":"https:\/\/psicocoach.es\/ca\/wp-json\/wp\/v2\/pages\/12625\/revisions\/12795"}],"wp:attachment":[{"href":"https:\/\/psicocoach.es\/ca\/wp-json\/wp\/v2\/media?parent=12625"}],"curies":[{"name":"wp","href":"https:\/\/api.w.org\/{rel}","templated":true}]}}